{"id":31581,"date":"2026-01-22T16:14:17","date_gmt":"2026-01-22T16:14:17","guid":{"rendered":"https:\/\/dryvitprofi.hu\/dp-innovation-park\/"},"modified":"2026-01-26T11:39:40","modified_gmt":"2026-01-26T11:39:40","slug":"dp-innovation-park","status":"publish","type":"page","link":"https:\/\/dryvitprofi.hu\/en\/dp-innovation-park\/","title":{"rendered":"DP Innovation Park"},"content":{"rendered":"\t\t<div data-elementor-type=\"wp-page\" data-elementor-id=\"31581\" class=\"elementor elementor-31581 elementor-31542\" data-elementor-post-type=\"page\">\n\t\t\t\t\t\t<section class=\"elementor-section elementor-top-section elementor-element elementor-element-6bb6ba7 elementor-section-full_width elementor-section-height-min-height elementor-section-height-default elementor-section-items-middle\" data-id=\"6bb6ba7\" data-element_type=\"section\" data-settings=\"{&quot;background_background&quot;:&quot;classic&quot;}\">\n\t\t\t\t\t\t\t<div class=\"elementor-background-overlay\"><\/div>\n\t\t\t\t\t\t\t<div class=\"elementor-container elementor-column-gap-default\">\n\t\t\t\t\t<div class=\"elementor-column elementor-col-100 elementor-top-column elementor-element elementor-element-2cf6d36\" data-id=\"2cf6d36\" data-element_type=\"column\">\n\t\t\t<div class=\"elementor-widget-wrap elementor-element-populated\">\n\t\t\t\t\t\t<div class=\"elementor-element elementor-element-82ba918 elementor-widget elementor-widget-heading\" data-id=\"82ba918\" data-element_type=\"widget\" data-widget_type=\"heading.default\">\n\t\t\t\t<div class=\"elementor-widget-container\">\n\t\t\t\t\t<h1 class=\"elementor-heading-title elementor-size-default\">DP INNOVATION PARK<\/h1>\t\t\t\t<\/div>\n\t\t\t\t<\/div>\n\t\t\t\t<div class=\"elementor-element elementor-element-4f0681c elementor-widget-divider--view-line elementor-widget elementor-widget-divider\" data-id=\"4f0681c\" data-element_type=\"widget\" data-widget_type=\"divider.default\">\n\t\t\t\t<div class=\"elementor-widget-container\">\n\t\t\t\t\t\t\t<div class=\"elementor-divider\">\n\t\t\t<span class=\"elementor-divider-separator\">\n\t\t\t\t\t\t<\/span>\n\t\t<\/div>\n\t\t\t\t\t\t<\/div>\n\t\t\t\t<\/div>\n\t\t\t\t\t<\/div>\n\t\t<\/div>\n\t\t\t\t\t<\/div>\n\t\t<\/section>\n\t\t\t\t<section class=\"elementor-section elementor-top-section elementor-element elementor-element-da69465 elementor-section-boxed elementor-section-height-default elementor-section-height-default\" data-id=\"da69465\" data-element_type=\"section\">\n\t\t\t\t\t\t\t<div class=\"elementor-background-overlay\"><\/div>\n\t\t\t\t\t\t\t<div class=\"elementor-container elementor-column-gap-default\">\n\t\t\t\t\t<div class=\"elementor-column elementor-col-100 elementor-top-column elementor-element elementor-element-e74e72e\" data-id=\"e74e72e\" data-element_type=\"column\" data-settings=\"{&quot;background_background&quot;:&quot;classic&quot;}\">\n\t\t\t<div class=\"elementor-widget-wrap elementor-element-populated\">\n\t\t\t\t\t\t<div class=\"elementor-element elementor-element-d435cea elementor-widget elementor-widget-image\" data-id=\"d435cea\" data-element_type=\"widget\" data-widget_type=\"image.default\">\n\t\t\t\t<div class=\"elementor-widget-container\">\n\t\t\t\t\t\t\t\t\t\t\t\t\t\t\t<img fetchpriority=\"high\" decoding=\"async\" width=\"1920\" height=\"1080\" src=\"https:\/\/dryvitprofi.hu\/wp-content\/uploads\/2026\/01\/DP-Innovacios-Park-Kft.-3.jpg\" class=\"attachment-full size-full wp-image-31558\" alt=\"DP Innov\u00e1ci\u00f3s Park Kft.\" srcset=\"https:\/\/dryvitprofi.hu\/wp-content\/uploads\/2026\/01\/DP-Innovacios-Park-Kft.-3.jpg 1920w, https:\/\/dryvitprofi.hu\/wp-content\/uploads\/2026\/01\/DP-Innovacios-Park-Kft.-3-300x169.jpg 300w, https:\/\/dryvitprofi.hu\/wp-content\/uploads\/2026\/01\/DP-Innovacios-Park-Kft.-3-1024x576.jpg 1024w, https:\/\/dryvitprofi.hu\/wp-content\/uploads\/2026\/01\/DP-Innovacios-Park-Kft.-3-768x432.jpg 768w, https:\/\/dryvitprofi.hu\/wp-content\/uploads\/2026\/01\/DP-Innovacios-Park-Kft.-3-1536x864.jpg 1536w\" sizes=\"(max-width: 1920px) 100vw, 1920px\" \/>\t\t\t\t\t\t\t\t\t\t\t\t\t\t\t<\/div>\n\t\t\t\t<\/div>\n\t\t\t\t<div class=\"elementor-element elementor-element-1c31e1c elementor-widget elementor-widget-text-editor\" data-id=\"1c31e1c\" data-element_type=\"widget\" data-widget_type=\"text-editor.default\">\n\t\t\t\t<div class=\"elementor-widget-container\">\n\t\t\t\t\t\t\t\t\t<p>Built on the professional expertise and stable corporate background of the Dryvit Profi Group, DP Innovation Park offers modern industrial and office solutions. The park is located in a well-maintained, green environment in Hajd\u00fab\u00f6sz\u00f6rm\u00e9ny, making it well suited for long-term business operations.<\/p><p>Situated at 1 Kinizsi P\u00e1l Street, DP Innovation Park features rentable industrial halls, warehouses, and office spaces across more than 20,000 m\u00b2. The logistics park is an excellent choice for companies seeking a modern, flexible, and easily accessible industrial and office environment.  <\/p>\t\t\t\t\t\t\t\t<\/div>\n\t\t\t\t<\/div>\n\t\t\t\t<div class=\"elementor-element elementor-element-bb96494 elementor-widget elementor-widget-image\" data-id=\"bb96494\" data-element_type=\"widget\" data-widget_type=\"image.default\">\n\t\t\t\t<div class=\"elementor-widget-container\">\n\t\t\t\t\t\t\t\t\t\t\t\t\t\t\t<img decoding=\"async\" width=\"1920\" height=\"897\" src=\"https:\/\/dryvitprofi.hu\/wp-content\/uploads\/2026\/01\/DP-Innovacios-Park-Kft.-1.jpg\" class=\"attachment-full size-full wp-image-31563\" alt=\"DP Innov\u00e1ci\u00f3s Park Kft.\" srcset=\"https:\/\/dryvitprofi.hu\/wp-content\/uploads\/2026\/01\/DP-Innovacios-Park-Kft.-1.jpg 1920w, https:\/\/dryvitprofi.hu\/wp-content\/uploads\/2026\/01\/DP-Innovacios-Park-Kft.-1-300x140.jpg 300w, https:\/\/dryvitprofi.hu\/wp-content\/uploads\/2026\/01\/DP-Innovacios-Park-Kft.-1-1024x478.jpg 1024w, https:\/\/dryvitprofi.hu\/wp-content\/uploads\/2026\/01\/DP-Innovacios-Park-Kft.-1-768x359.jpg 768w, https:\/\/dryvitprofi.hu\/wp-content\/uploads\/2026\/01\/DP-Innovacios-Park-Kft.-1-1536x718.jpg 1536w\" sizes=\"(max-width: 1920px) 100vw, 1920px\" \/>\t\t\t\t\t\t\t\t\t\t\t\t\t\t\t<\/div>\n\t\t\t\t<\/div>\n\t\t\t\t<div class=\"elementor-element elementor-element-57443cf elementor-widget elementor-widget-text-editor\" data-id=\"57443cf\" data-element_type=\"widget\" data-widget_type=\"text-editor.default\">\n\t\t\t\t<div class=\"elementor-widget-container\">\n\t\t\t\t\t\t\t\t\t<p>Key Features:<\/p><ul><li>Fully equipped infrastructure:<br>The entire property is fully serviced with utilities and high-capacity electrical and industrial connections, enabling immediate start-up of manufacturing and logistics activities.<\/li><li>Secure and reliable operation:<br>The guarded premises and well-developed infrastructure ensure a safe and dependable working environment for tenants.<\/li><li>Strategic location:<br>Debrecen, the BMW plant, motorway connections, and nearby industrial parks are all easily and quickly accessible, significantly supporting efficient transportation, logistics, and workforce availability.<\/li><li>Flexible leasing options:<br>Available spaces range from 16 m\u00b2 offices to 1,600 m\u00b2 production halls, making the park suitable for small businesses, growing SMEs, and large industrial companies alike.<\/li><\/ul><p>Who is it for?<\/p><ul><li>DP Innovation Park is primarily recommended for manufacturing and logistics companies, small and medium-sized enterprises, and start-ups with long-term plans who are looking for a location that can grow alongside their business.<\/li><\/ul><p>Address: DP Innovation Park \u2013 4220 Hajd\u00fab\u00f6sz\u00f6rm\u00e9ny, 1 Kinizsi P\u00e1l Street<\/p>\t\t\t\t\t\t\t\t<\/div>\n\t\t\t\t<\/div>\n\t\t\t\t<div class=\"elementor-element elementor-element-2c43fe3 elementor-widget elementor-widget-heading\" data-id=\"2c43fe3\" data-element_type=\"widget\" data-widget_type=\"heading.default\">\n\t\t\t\t<div class=\"elementor-widget-container\">\n\t\t\t\t\t<h3 class=\"elementor-heading-title elementor-size-default\">More informationt:<\/h3>\t\t\t\t<\/div>\n\t\t\t\t<\/div>\n\t\t\t\t<section class=\"elementor-section elementor-inner-section elementor-element elementor-element-c5cb88f elementor-section-boxed elementor-section-height-default elementor-section-height-default\" data-id=\"c5cb88f\" data-element_type=\"section\">\n\t\t\t\t\t\t<div class=\"elementor-container elementor-column-gap-default\">\n\t\t\t\t\t<div class=\"elementor-column elementor-col-33 elementor-inner-column elementor-element elementor-element-514c0b7\" data-id=\"514c0b7\" data-element_type=\"column\">\n\t\t\t<div class=\"elementor-widget-wrap\">\n\t\t\t\t\t\t\t<\/div>\n\t\t<\/div>\n\t\t\t\t<div class=\"elementor-column elementor-col-33 elementor-inner-column elementor-element elementor-element-c0373c6\" data-id=\"c0373c6\" data-element_type=\"column\">\n\t\t\t<div class=\"elementor-widget-wrap elementor-element-populated\">\n\t\t\t\t\t\t<div class=\"elementor-element elementor-element-316ba7a eael-team-align-centered elementor-widget elementor-widget-eael-team-member\" data-id=\"316ba7a\" data-element_type=\"widget\" data-widget_type=\"eael-team-member.default\">\n\t\t\t\t<div class=\"elementor-widget-container\">\n\t\t\t\t\t\n\n\t<div id=\"eael-team-member-316ba7a\" class=\"eael-team-item eael-team-members-simple \">\n\t\t<div class=\"eael-team-item-inner\">\n\t\t\t<div class=\"eael-team-image\">\n\t\t\t\t<figure>\n\t\t\t\t\t\t\t\t\t<\/figure>\n\t\t\t\t\n\t\t\t\t\n\t\t\t<\/div>\n\n\t\t\t<div class=\"eael-team-content\">\n\t\t\t\t<h2 class=\"eael-team-member-name\">G\u00e1bor Krizs\u00e1n<\/h2><h3 class=\"eael-team-member-position\">BUSINESS DEVELOPMENT DIRECTOR<\/h3>\n\t\t\t\t\t\t\t\t\t\t\t\t\t\t\t<ul class=\"eael-team-member-social-profiles\">\n\t\t\t\t\t\t\t\t\t\t\t\t\t\t\t\t\t\t\t\t\t\t\t\t\t\t\t\t\t\t\t\t\t\t\t\t\t\t\t\t\t<li class=\"eael-team-member-social-link\">\n\t\t\t\t\t\t\t\t\t\t<a href=\"tel:+36709088707\" target=\"_blank\">\n\t\t\t\t\t\t\t\t\t\t\t\t\t\t\t\t\t\t\t\t\t\t\t<i aria-hidden=\"true\" class=\"fas fa-phone-alt\"><\/i>\t\t\t\t\t\t\t\t\t\t\t\t\t\t\t\t\t\t\t\t\t<\/a>\n\t\t\t\t\t\t\t\t\t<\/li>\n\t\t\t\t\t\t\t\t\t\t\t\t\t\t\t\t\t\t\t\t\t\t\t\t\t\t\t\t\t\t\t\t\t\t\t\t\t\t\t\t\t\t\t\t\t\t\t\t\t<li class=\"eael-team-member-social-link\">\n\t\t\t\t\t\t\t\t\t\t<a href=\"mailto:gabor.krizsan@dryvitprofi.hu\" target=\"_blank\">\n\t\t\t\t\t\t\t\t\t\t\t\t\t\t\t\t\t\t\t\t\t\t\t<i aria-hidden=\"true\" class=\"fas fa-envelope\"><\/i>\t\t\t\t\t\t\t\t\t\t\t\t\t\t\t\t\t\t\t\t\t<\/a>\n\t\t\t\t\t\t\t\t\t<\/li>\n\t\t\t\t\t\t\t\t\t\t\t\t\t\t\t\t\t\t\t\t\t<\/ul>\n\t\t\t\t\t\t\t\t\t\t<p class=\"eael-team-text\"><br><b>Phone number:<\/b> +36-70\/908-8707<br><b>Email:<\/b> gabor.krizsan@dryvitprofi.hu<\/p>\n\t\t\t\t\t\t\t<\/div>\n\t\t<\/div>\n\t<\/div>\n\t\t\t\t\t<\/div>\n\t\t\t\t<\/div>\n\t\t\t\t\t<\/div>\n\t\t<\/div>\n\t\t\t\t<div class=\"elementor-column elementor-col-33 elementor-inner-column elementor-element elementor-element-80e7e3c\" data-id=\"80e7e3c\" data-element_type=\"column\">\n\t\t\t<div class=\"elementor-widget-wrap\">\n\t\t\t\t\t\t\t<\/div>\n\t\t<\/div>\n\t\t\t\t\t<\/div>\n\t\t<\/section>\n\t\t\t\t<section class=\"elementor-section elementor-inner-section elementor-element elementor-element-1893869 elementor-section-boxed elementor-section-height-default elementor-section-height-default\" data-id=\"1893869\" data-element_type=\"section\">\n\t\t\t\t\t\t<div class=\"elementor-container elementor-column-gap-default\">\n\t\t\t\t\t<div class=\"elementor-column elementor-col-33 elementor-inner-column elementor-element elementor-element-67dbe22\" data-id=\"67dbe22\" data-element_type=\"column\">\n\t\t\t<div class=\"elementor-widget-wrap\">\n\t\t\t\t\t\t\t<\/div>\n\t\t<\/div>\n\t\t\t\t<div class=\"elementor-column elementor-col-33 elementor-inner-column elementor-element elementor-element-409806b\" data-id=\"409806b\" data-element_type=\"column\">\n\t\t\t<div class=\"elementor-widget-wrap elementor-element-populated\">\n\t\t\t\t\t\t<div class=\"elementor-element elementor-element-b7d360c elementor-widget elementor-widget-video\" data-id=\"b7d360c\" data-element_type=\"widget\" data-settings=\"{&quot;video_type&quot;:&quot;hosted&quot;,&quot;controls&quot;:&quot;yes&quot;}\" data-widget_type=\"video.default\">\n\t\t\t\t<div class=\"elementor-widget-container\">\n\t\t\t\t\t\t\t<div class=\"e-hosted-video elementor-wrapper elementor-open-inline\">\n\t\t\t\t\t<video class=\"elementor-video\" src=\"https:\/\/dryvitprofi.hu\/wp-content\/uploads\/2026\/01\/DPINNOV_1.mp4\" controls=\"\" preload=\"metadata\" controlsList=\"nodownload\"><\/video>\n\t\t\t\t<\/div>\n\t\t\t\t\t\t<\/div>\n\t\t\t\t<\/div>\n\t\t\t\t\t<\/div>\n\t\t<\/div>\n\t\t\t\t<div class=\"elementor-column elementor-col-33 elementor-inner-column elementor-element elementor-element-5d3da41\" data-id=\"5d3da41\" data-element_type=\"column\">\n\t\t\t<div class=\"elementor-widget-wrap\">\n\t\t\t\t\t\t\t<\/div>\n\t\t<\/div>\n\t\t\t\t\t<\/div>\n\t\t<\/section>\n\t\t\t\t<section class=\"elementor-section elementor-inner-section elementor-element elementor-element-7e69bb1 elementor-section-boxed elementor-section-height-default elementor-section-height-default\" data-id=\"7e69bb1\" data-element_type=\"section\">\n\t\t\t\t\t\t<div class=\"elementor-container elementor-column-gap-no\">\n\t\t\t\t\t<div class=\"elementor-column elementor-col-100 elementor-inner-column elementor-element elementor-element-c44517b\" data-id=\"c44517b\" data-element_type=\"column\">\n\t\t\t<div class=\"elementor-widget-wrap elementor-element-populated\">\n\t\t\t\t\t\t<div class=\"elementor-element elementor-element-f7c5b49 elementor-widget elementor-widget-image\" data-id=\"f7c5b49\" data-element_type=\"widget\" data-widget_type=\"image.default\">\n\t\t\t\t<div class=\"elementor-widget-container\">\n\t\t\t\t\t\t\t\t\t\t\t\t\t\t\t<img decoding=\"async\" src=\"https:\/\/dryvitprofi.hu\/wp-content\/uploads\/elementor\/thumbs\/DP-Innovacios-Park-Kft.-2-ri1dd38ig41cakjqdqjpqb0e9ovgg175ukdm594xkw.jpg\" title=\"DP Innov\u00e1ci\u00f3s Park Kft. 2\" alt=\"DP Innov\u00e1ci\u00f3s Park Kft.\" loading=\"lazy\" \/>\t\t\t\t\t\t\t\t\t\t\t\t\t\t\t<\/div>\n\t\t\t\t<\/div>\n\t\t\t\t\t<\/div>\n\t\t<\/div>\n\t\t\t\t\t<\/div>\n\t\t<\/section>\n\t\t\t\t<div class=\"elementor-element elementor-element-adef14c elementor-widget elementor-widget-google_maps\" data-id=\"adef14c\" data-element_type=\"widget\" data-widget_type=\"google_maps.default\">\n\t\t\t\t<div class=\"elementor-widget-container\">\n\t\t\t\t\t\t\t<div class=\"elementor-custom-embed\">\n\t\t\t<iframe loading=\"lazy\"\n\t\t\t\t\tsrc=\"https:\/\/maps.google.com\/maps?q=Hajd%C3%BAb%C3%B6sz%C3%B6rm%C3%A9ny%2C%20Kinizsi%20P%C3%A1l%20utca%201.&#038;t=m&#038;z=15&#038;output=embed&#038;iwloc=near\"\n\t\t\t\t\ttitle=\"Hajd\u00fab\u00f6sz\u00f6rm\u00e9ny, Kinizsi P\u00e1l utca 1.\"\n\t\t\t\t\taria-label=\"Hajd\u00fab\u00f6sz\u00f6rm\u00e9ny, Kinizsi P\u00e1l utca 1.\"\n\t\t\t><\/iframe>\n\t\t<\/div>\n\t\t\t\t\t\t<\/div>\n\t\t\t\t<\/div>\n\t\t\t\t\t<\/div>\n\t\t<\/div>\n\t\t\t\t\t<\/div>\n\t\t<\/section>\n\t\t\t\t<\/div>\n\t\t","protected":false},"excerpt":{"rendered":"<p>DP INNOVATION PARK Built on the professional expertise and stable corporate background of the Dryvit Profi Group, DP Innovation Park offers modern industrial and office solutions. The park is located in a well-maintained, green environment in Hajd\u00fab\u00f6sz\u00f6rm\u00e9ny, making it well suited for long-term business operations. Situated at 1 Kinizsi P\u00e1l Street, DP Innovation Park features [&hellip;]<\/p>\n","protected":false},"author":1,"featured_media":0,"parent":0,"menu_order":0,"comment_status":"closed","ping_status":"closed","template":"elementor_header_footer","meta":{"_acf_changed":false,"site-sidebar-layout":"no-sidebar","site-content-layout":"page-builder","ast-site-content-layout":"full-width-container","site-content-style":"unboxed","site-sidebar-style":"unboxed","ast-global-header-display":"","ast-banner-title-visibility":"","ast-main-header-display":"","ast-hfb-above-header-display":"","ast-hfb-below-header-display":"","ast-hfb-mobile-header-display":"","site-post-title":"disabled","ast-breadcrumbs-content":"","ast-featured-img":"disabled","footer-sml-layout":"","theme-transparent-header-meta":"","adv-header-id-meta":"","stick-header-meta":"","header-above-stick-meta":"","header-main-stick-meta":"","header-below-stick-meta":"","astra-migrate-meta-layouts":"default","ast-page-background-enabled":"default","ast-page-background-meta":{"desktop":{"background-color":"var(--ast-global-color-4)","background-image":"","background-repeat":"repeat","background-position":"center center","background-size":"auto","background-attachment":"scroll","background-type":"","background-media":"","overlay-type":"","overlay-color":"","overlay-opacity":"","overlay-gradient":""},"tablet":{"background-color":"","background-image":"","background-repeat":"repeat","background-position":"center center","background-size":"auto","background-attachment":"scroll","background-type":"","background-media":"","overlay-type":"","overlay-color":"","overlay-opacity":"","overlay-gradient":""},"mobile":{"background-color":"","background-image":"","background-repeat":"repeat","background-position":"center center","background-size":"auto","background-attachment":"scroll","background-type":"","background-media":"","overlay-type":"","overlay-color":"","overlay-opacity":"","overlay-gradient":""}},"ast-content-background-meta":{"desktop":{"background-color":"var(--ast-global-color-5)","background-image":"","background-repeat":"repeat","background-position":"center center","background-size":"auto","background-attachment":"scroll","background-type":"","background-media":"","overlay-type":"","overlay-color":"","overlay-opacity":"","overlay-gradient":""},"tablet":{"background-color":"var(--ast-global-color-5)","background-image":"","background-repeat":"repeat","background-position":"center center","background-size":"auto","background-attachment":"scroll","background-type":"","background-media":"","overlay-type":"","overlay-color":"","overlay-opacity":"","overlay-gradient":""},"mobile":{"background-color":"var(--ast-global-color-5)","background-image":"","background-repeat":"repeat","background-position":"center center","background-size":"auto","background-attachment":"scroll","background-type":"","background-media":"","overlay-type":"","overlay-color":"","overlay-opacity":"","overlay-gradient":""}},"footnotes":""},"class_list":["post-31581","page","type-page","status-publish","hentry"],"acf":[],"_links":{"self":[{"href":"https:\/\/dryvitprofi.hu\/en\/wp-json\/wp\/v2\/pages\/31581","targetHints":{"allow":["GET"]}}],"collection":[{"href":"https:\/\/dryvitprofi.hu\/en\/wp-json\/wp\/v2\/pages"}],"about":[{"href":"https:\/\/dryvitprofi.hu\/en\/wp-json\/wp\/v2\/types\/page"}],"author":[{"embeddable":true,"href":"https:\/\/dryvitprofi.hu\/en\/wp-json\/wp\/v2\/users\/1"}],"replies":[{"embeddable":true,"href":"https:\/\/dryvitprofi.hu\/en\/wp-json\/wp\/v2\/comments?post=31581"}],"version-history":[{"count":1,"href":"https:\/\/dryvitprofi.hu\/en\/wp-json\/wp\/v2\/pages\/31581\/revisions"}],"predecessor-version":[{"id":31582,"href":"https:\/\/dryvitprofi.hu\/en\/wp-json\/wp\/v2\/pages\/31581\/revisions\/31582"}],"wp:attachment":[{"href":"https:\/\/dryvitprofi.hu\/en\/wp-json\/wp\/v2\/media?parent=31581"}],"curies":[{"name":"wp","href":"https:\/\/api.w.org\/{rel}","templated":true}]}}